{"id":106,"date":"2024-11-22T00:44:12","date_gmt":"2024-11-21T23:44:12","guid":{"rendered":"https:\/\/co-hop.fr\/?page_id=106"},"modified":"2026-03-27T10:28:12","modified_gmt":"2026-03-27T09:28:12","slug":"service-2","status":"publish","type":"page","link":"https:\/\/co-hop.fr\/index.php\/produits-et-services\/service-2\/","title":{"rendered":"Quotid-hop&rsquo;"},"content":{"rendered":"<div data-colibri-id=\"106-c1\" class=\"style-338 style-local-106-c1 position-relative\">\n  <!---->\n  <div data-colibri-component=\"section\" data-colibri-id=\"106-c2\" id=\"custom\" class=\"h-section h-section-global-spacing d-flex align-items-lg-center align-items-md-center align-items-center style-449 style-local-106-c2 position-relative\">\n    <!---->\n    <div class=\"h-separator\" style=\"height: 300px; top: calc(-1px);\">\n      <svg style=\"fill:rgb(213, 45, 0);\" xmlns=\"http:\/\/www.w3.org\/2000\/svg\" viewBox=\"0 0 423.98 306.76\" preserveAspectRatio=\"xMinYMin meet\">\n        <path d=\"M0,0V306.76C50.75,145.82,179.48,0,424,0Z\" transform=\"translate(0)\"><\/path>\n      <\/svg>\n    <\/div>\n    <div class=\"h-section-grid-container h-section-boxed-container\">\n      <!---->\n      <div data-colibri-id=\"106-c3\" class=\"h-row-container gutters-row-lg-2 gutters-row-md-2 gutters-row-0 gutters-row-v-lg-2 gutters-row-v-md-2 gutters-row-v-2 style-452 style-local-106-c3 position-relative\">\n        <!---->\n        <div class=\"h-row justify-content-lg-center justify-content-md-center justify-content-center align-items-lg-stretch align-items-md-stretch align-items-stretch gutters-col-lg-2 gutters-col-md-2 gutters-col-0 gutters-col-v-lg-2 gutters-col-v-md-2 gutters-col-v-2\">\n          <!---->\n          <div class=\"h-column h-column-container d-flex h-col-lg-auto h-col-md-auto h-col-auto style-453-outer style-local-106-c4-outer\">\n            <div data-colibri-id=\"106-c4\" class=\"d-flex h-flex-basis h-column__inner h-px-lg-2 h-px-md-2 h-px-2 v-inner-lg-2 v-inner-md-2 v-inner-2 style-453 style-local-106-c4 position-relative\">\n              <!---->\n              <!---->\n              <div class=\"w-100 h-y-container h-column__content h-column__v-align flex-basis-100 align-self-lg-start align-self-md-start align-self-start\">\n                <!---->\n                <div data-colibri-id=\"106-c5\" class=\"d-block style-454 style-local-106-c5 position-relative h-element\">\n                  <!---->\n                  <div class=\"h-image__frame-container-outer\">\n                    <div class=\"h-image__frame-container\">\n                      <!---->\n                      <!---->\n                      <img alt=\"\" loading=\"lazy\" decoding=\"async\" width=\"1377\" height=\"456\" src=\"https:\/\/co-hop.fr\/wp-content\/uploads\/2024\/11\/04quotid-hop_couleur_pdf.png\" class=\"wp-image-196 style-454-image style-local-106-c5-image\" alt=\"\" srcset=\"https:\/\/co-hop.fr\/wp-content\/uploads\/2024\/11\/04quotid-hop_couleur_pdf.png 1377w, https:\/\/co-hop.fr\/wp-content\/uploads\/2024\/11\/04quotid-hop_couleur_pdf-300x99.png 300w, https:\/\/co-hop.fr\/wp-content\/uploads\/2024\/11\/04quotid-hop_couleur_pdf-1024x339.png 1024w, https:\/\/co-hop.fr\/wp-content\/uploads\/2024\/11\/04quotid-hop_couleur_pdf-768x254.png 768w\" sizes=\"auto, (max-width: 1377px) 100vw, 1377px\" \/>\n                      <div class=\"h-image__frame h-hide-lg h-hide-md h-hide-sm style-454-frameImage style-local-106-c5-frameImage\"><\/div>\n                    <\/div>\n                  <\/div>\n                <\/div>\n              <\/div>\n            <\/div>\n          <\/div>\n        <\/div>\n      <\/div>\n      <div data-colibri-id=\"106-c6\" class=\"h-row-container gutters-row-lg-0 gutters-row-md-0 gutters-row-0 gutters-row-v-lg-0 gutters-row-v-md-0 gutters-row-v-0 style-450 style-local-106-c6 position-relative\">\n        <!---->\n        <div class=\"h-row justify-content-lg-center justify-content-md-center justify-content-center align-items-lg-stretch align-items-md-stretch align-items-stretch gutters-col-lg-0 gutters-col-md-0 gutters-col-0 gutters-col-v-lg-0 gutters-col-v-md-0 gutters-col-v-0\">\n          <!---->\n          <div class=\"h-column h-column-container d-flex h-col-lg-auto h-col-md-auto h-col-auto style-451-outer style-local-106-c7-outer\">\n            <div data-colibri-id=\"106-c7\" class=\"d-flex h-flex-basis h-column__inner h-px-lg-0 h-px-md-0 h-px-0 v-inner-lg-0 v-inner-md-0 v-inner-0 style-451 style-local-106-c7 position-relative\">\n              <!---->\n              <!---->\n              <div class=\"w-100 h-y-container h-column__content h-column__v-align flex-basis-100 align-self-lg-start align-self-md-start align-self-start\">\n                <!---->\n                <div data-colibri-id=\"106-c8\" class=\"h-lead h-text h-text-component style-455 style-local-106-c8 position-relative h-element\">\n                  <!---->\n                  <!---->\n                  <div class=\"\">\n                    <p>LA CONCIERGERIE\n                      <br>\n                    <\/p>\n                  <\/div>\n                <\/div>\n                <div data-colibri-id=\"106-c9\" class=\"h-text h-text-component style-456 style-local-106-c9 position-relative h-element\">\n                  <!---->\n                  <!---->\n                  <div class=\"\">\n                    <p>Nous sommes \u00e0 vos c\u00f4t\u00e9s pour faciliter le quotidien.<\/p>\n                  <\/div>\n                <\/div>\n                <div data-colibri-id=\"106-c10\" class=\"h-text h-text-component style-462 style-local-106-c10 position-relative h-element\">\n                  <!---->\n                  <!---->\n                  <div class=\"\">\n                    <p>\n                      <u>Montage de meubles&nbsp;<\/u>\n                    <\/p>\n                    <p>Nous venons \u00e0 vous pour tout vos besoins de d\u00e9placement ou montage, de meubles et autres objets.<\/p>\n                  <\/div>\n                <\/div>\n                <div data-colibri-id=\"106-c11\" class=\"h-text h-text-component style-466 style-local-106-c11 position-relative h-element\">\n                  <!---->\n                  <!---->\n                  <div class=\"\">\n                    <p>\n                      <u>Petits travaux&nbsp;<\/u>\n                    <\/p>\n                    <p>Nous offrons des services de plomberie, peinture et petite \u00e9lectricit\u00e9.<\/p>\n                  <\/div>\n                <\/div>\n                <div data-colibri-id=\"106-c12\" class=\"h-text h-text-component style-465 style-local-106-c12 position-relative h-element\">\n                  <!---->\n                  <!---->\n                  <div class=\"\">\n                    <p>\n                      <u>Aide \u00e0 la vie quotidienne<\/u>\n                    <\/p>\n                    <p>Nous assurons l\u2019entretien de votre logement, faire les courses ou aider lors de d\u00e9placements.<\/p>\n                  <\/div>\n                <\/div>\n              <\/div>\n            <\/div>\n          <\/div>\n        <\/div>\n      <\/div>\n    <\/div>\n  <\/div>\n  <div data-colibri-component=\"section\" data-colibri-id=\"106-c13\" id=\"custom-2\" class=\"h-section h-section-global-spacing d-flex align-items-lg-center align-items-md-center align-items-center style-457 style-local-106-c13 position-relative\">\n    <!---->\n    <!---->\n    <div class=\"h-section-grid-container h-section-boxed-container\">\n      <!---->\n      <div data-colibri-id=\"106-c14\" class=\"h-row-container gutters-row-lg-2 gutters-row-md-2 gutters-row-0 gutters-row-v-lg-2 gutters-row-v-md-2 gutters-row-v-2 style-460 style-local-106-c14 position-relative\">\n        <!---->\n        <div class=\"h-row justify-content-lg-center justify-content-md-center justify-content-center align-items-lg-stretch align-items-md-stretch align-items-stretch gutters-col-lg-2 gutters-col-md-2 gutters-col-0 gutters-col-v-lg-2 gutters-col-v-md-2 gutters-col-v-2\">\n          <!---->\n          <div class=\"h-column h-column-container d-flex h-col-lg-auto h-col-md-auto h-col-auto style-461-outer style-local-106-c15-outer\">\n            <div data-colibri-id=\"106-c15\" class=\"d-flex h-flex-basis h-column__inner h-px-lg-2 h-px-md-2 h-px-2 v-inner-lg-2 v-inner-md-2 v-inner-2 style-461 style-local-106-c15 position-relative\">\n              <!---->\n              <!---->\n              <div class=\"w-100 h-y-container h-column__content h-column__v-align flex-basis-100 align-self-lg-start align-self-md-start align-self-start\">\n                <!---->\n                <div data-colibri-id=\"106-c16\" class=\"h-text h-text-component style-472 style-local-106-c16 position-relative h-element\">\n                  <!---->\n                  <!---->\n                  <div class=\"\"><\/div>\n                <\/div>\n              <\/div>\n            <\/div>\n          <\/div>\n        <\/div>\n      <\/div>\n    <\/div>\n  <\/div>\n  <div data-colibri-component=\"section\" data-colibri-id=\"106-c17\" id=\"custom-3\" class=\"h-section h-section-global-spacing d-flex align-items-lg-center align-items-md-center align-items-center style-606 style-local-106-c17 position-relative\">\n    <!---->\n    <!---->\n    <div class=\"h-separator\" style=\"height: 300px; bottom: calc(-1px);\">\n      <svg style=\"fill:rgb(213, 45, 0);transform:rotateX(180deg);\" xmlns=\"http:\/\/www.w3.org\/2000\/svg\" viewBox=\"0 0 423.98 306.76\" preserveAspectRatio=\"xMaxYMin meet\">\n        <path d=\"M424,0V306.76C373.23,145.82,244.5,0,0,0Z\" transform=\"translate(0)\"><\/path>\n      <\/svg>\n    <\/div>\n    <div class=\"h-section-grid-container h-section-boxed-container\">\n      <!---->\n      <div data-colibri-id=\"106-c18\" class=\"h-row-container gutters-row-lg-2 gutters-row-md-2 gutters-row-0 gutters-row-v-lg-2 gutters-row-v-md-2 gutters-row-v-2 style-607 style-local-106-c18 position-relative\">\n        <!---->\n        <div class=\"h-row justify-content-lg-center justify-content-md-center justify-content-center align-items-lg-stretch align-items-md-stretch align-items-stretch gutters-col-lg-2 gutters-col-md-2 gutters-col-0 gutters-col-v-lg-2 gutters-col-v-md-2 gutters-col-v-2\">\n          <!---->\n          <div class=\"h-column h-column-container d-flex h-col-lg-auto h-col-md-auto h-col-auto style-608-outer style-local-106-c19-outer\">\n            <div data-colibri-id=\"106-c19\" class=\"d-flex h-flex-basis h-column__inner h-px-lg-2 h-px-md-2 h-px-2 v-inner-lg-2 v-inner-md-2 v-inner-2 style-608 style-local-106-c19 position-relative\">\n              <!---->\n              <!---->\n              <div class=\"w-100 h-y-container h-column__content h-column__v-align flex-basis-100 align-self-lg-start align-self-md-start align-self-start\">\n                <!---->\n                <div data-colibri-id=\"106-c20\" class=\"d-block style-613 style-local-106-c20 position-relative h-element\">\n                  <!---->\n                  <div class=\"h-image__frame-container-outer\">\n                    <div class=\"h-image__frame-container\">\n                      <!---->\n                      <!---->\n                      <img alt=\"\" loading=\"lazy\" decoding=\"async\" width=\"1500\" height=\"1500\" src=\"https:\/\/co-hop.fr\/wp-content\/uploads\/2024\/11\/cropped-Quoti-hop-Manufacture.jpg\" class=\"wp-image-607 style-613-image style-local-106-c20-image\" alt=\"\" srcset=\"https:\/\/co-hop.fr\/wp-content\/uploads\/2024\/11\/cropped-Quoti-hop-Manufacture.jpg 1500w, https:\/\/co-hop.fr\/wp-content\/uploads\/2024\/11\/cropped-Quoti-hop-Manufacture-300x300.jpg 300w, https:\/\/co-hop.fr\/wp-content\/uploads\/2024\/11\/cropped-Quoti-hop-Manufacture-1024x1024.jpg 1024w, https:\/\/co-hop.fr\/wp-content\/uploads\/2024\/11\/cropped-Quoti-hop-Manufacture-150x150.jpg 150w, https:\/\/co-hop.fr\/wp-content\/uploads\/2024\/11\/cropped-Quoti-hop-Manufacture-768x768.jpg 768w\" sizes=\"auto, (max-width: 1500px) 100vw, 1500px\" \/>\n                      <div class=\"h-image__frame h-hide-lg h-hide-md h-hide-sm style-613-frameImage style-local-106-c20-frameImage\"><\/div>\n                    <\/div>\n                  <\/div>\n                <\/div>\n              <\/div>\n            <\/div>\n          <\/div>\n          <div class=\"h-column h-column-container d-flex h-col-lg-auto h-col-md-auto h-col-auto style-609-outer style-local-106-c21-outer\">\n            <div data-colibri-id=\"106-c21\" class=\"d-flex h-flex-basis h-column__inner h-px-lg-2 h-px-md-2 h-px-2 v-inner-lg-2 v-inner-md-2 v-inner-2 style-609 style-local-106-c21 position-relative\">\n              <!---->\n              <!---->\n              <div class=\"w-100 h-y-container h-column__content h-column__v-align flex-basis-100 align-self-lg-start align-self-md-start align-self-start\">\n                <!---->\n                <div data-colibri-id=\"106-c22\" class=\"d-block style-611 style-local-106-c22 position-relative h-element\">\n                  <!---->\n                  <div class=\"h-image__frame-container-outer\">\n                    <div class=\"h-image__frame-container\">\n                      <!---->\n                      <!---->\n                      <img alt=\"\" loading=\"lazy\" decoding=\"async\" width=\"1203\" height=\"1203\" src=\"https:\/\/co-hop.fr\/wp-content\/uploads\/2026\/03\/cropped-Photo-de-Patrick-sur-la-Metabo.jpeg\" class=\"wp-image-2268 style-611-image style-local-106-c22-image\" alt=\"\" srcset=\"https:\/\/co-hop.fr\/wp-content\/uploads\/2026\/03\/cropped-Photo-de-Patrick-sur-la-Metabo.jpeg 1203w, https:\/\/co-hop.fr\/wp-content\/uploads\/2026\/03\/cropped-Photo-de-Patrick-sur-la-Metabo-300x300.jpeg 300w, https:\/\/co-hop.fr\/wp-content\/uploads\/2026\/03\/cropped-Photo-de-Patrick-sur-la-Metabo-1024x1024.jpeg 1024w, https:\/\/co-hop.fr\/wp-content\/uploads\/2026\/03\/cropped-Photo-de-Patrick-sur-la-Metabo-150x150.jpeg 150w, https:\/\/co-hop.fr\/wp-content\/uploads\/2026\/03\/cropped-Photo-de-Patrick-sur-la-Metabo-768x768.jpeg 768w\" sizes=\"auto, (max-width: 1203px) 100vw, 1203px\" \/>\n                      <div class=\"h-image__frame h-hide-lg h-hide-md h-hide-sm style-611-frameImage style-local-106-c22-frameImage\"><\/div>\n                    <\/div>\n                  <\/div>\n                <\/div>\n              <\/div>\n            <\/div>\n          <\/div>\n          <div class=\"h-column h-column-container d-flex h-col-lg-auto h-col-md-auto h-col-auto style-610-outer style-local-106-c23-outer\">\n            <div data-colibri-id=\"106-c23\" class=\"d-flex h-flex-basis h-column__inner h-px-lg-2 h-px-md-2 h-px-2 v-inner-lg-2 v-inner-md-2 v-inner-2 style-610 style-local-106-c23 position-relative\">\n              <!---->\n              <!---->\n              <div class=\"w-100 h-y-container h-column__content h-column__v-align flex-basis-100 align-self-lg-start align-self-md-start align-self-start\">\n                <!---->\n                <div data-colibri-id=\"106-c24\" class=\"d-block style-612 style-local-106-c24 position-relative h-element\">\n                  <!---->\n                  <div class=\"h-image__frame-container-outer\">\n                    <div class=\"h-image__frame-container\">\n                      <!---->\n                      <!---->\n                      <img alt=\"\" loading=\"lazy\" decoding=\"async\" width=\"1365\" height=\"1365\" src=\"https:\/\/co-hop.fr\/wp-content\/uploads\/2026\/03\/cropped-DSC07159-Enhanced-NR.jpg\" class=\"wp-image-2272 style-612-image style-local-106-c24-image\" alt=\"\" srcset=\"https:\/\/co-hop.fr\/wp-content\/uploads\/2026\/03\/cropped-DSC07159-Enhanced-NR.jpg 1365w, https:\/\/co-hop.fr\/wp-content\/uploads\/2026\/03\/cropped-DSC07159-Enhanced-NR-300x300.jpg 300w, https:\/\/co-hop.fr\/wp-content\/uploads\/2026\/03\/cropped-DSC07159-Enhanced-NR-1024x1024.jpg 1024w, https:\/\/co-hop.fr\/wp-content\/uploads\/2026\/03\/cropped-DSC07159-Enhanced-NR-150x150.jpg 150w, https:\/\/co-hop.fr\/wp-content\/uploads\/2026\/03\/cropped-DSC07159-Enhanced-NR-768x768.jpg 768w\" sizes=\"auto, (max-width: 1365px) 100vw, 1365px\" \/>\n                      <div class=\"h-image__frame h-hide-lg h-hide-md h-hide-sm style-612-frameImage style-local-106-c24-frameImage\"><\/div>\n                    <\/div>\n                  <\/div>\n                <\/div>\n              <\/div>\n            <\/div>\n          <\/div>\n        <\/div>\n      <\/div>\n    <\/div>\n  <\/div>\n<\/div>","protected":false},"excerpt":{"rendered":"<p>LA CONCIERGERIE Nous sommes \u00e0 vos c\u00f4t\u00e9s pour faciliter le quotidien. Montage de meubles&nbsp; Nous venons \u00e0 vous pour tout vos besoins de d\u00e9placement ou montage, de meubles et autres objets. Petits travaux&nbsp; Nous offrons des services de plomberie, peinture et petite \u00e9lectricit\u00e9. Aide \u00e0 la vie quotidienne Nous assurons l\u2019entretien de votre logement, faire [&hellip;]<\/p>\n","protected":false},"author":1,"featured_media":0,"parent":77,"menu_order":2,"comment_status":"closed","ping_status":"closed","template":"page-templates\/full-width-page.php","meta":{"_seopress_robots_primary_cat":"","_seopress_titles_title":"","_seopress_titles_desc":"","_seopress_robots_index":"","footnotes":""},"class_list":["post-106","page","type-page","status-publish","hentry"],"_links":{"self":[{"href":"https:\/\/co-hop.fr\/index.php\/wp-json\/wp\/v2\/pages\/106","targetHints":{"allow":["GET"]}}],"collection":[{"href":"https:\/\/co-hop.fr\/index.php\/wp-json\/wp\/v2\/pages"}],"about":[{"href":"https:\/\/co-hop.fr\/index.php\/wp-json\/wp\/v2\/types\/page"}],"author":[{"embeddable":true,"href":"https:\/\/co-hop.fr\/index.php\/wp-json\/wp\/v2\/users\/1"}],"replies":[{"embeddable":true,"href":"https:\/\/co-hop.fr\/index.php\/wp-json\/wp\/v2\/comments?post=106"}],"version-history":[{"count":13,"href":"https:\/\/co-hop.fr\/index.php\/wp-json\/wp\/v2\/pages\/106\/revisions"}],"predecessor-version":[{"id":2274,"href":"https:\/\/co-hop.fr\/index.php\/wp-json\/wp\/v2\/pages\/106\/revisions\/2274"}],"up":[{"embeddable":true,"href":"https:\/\/co-hop.fr\/index.php\/wp-json\/wp\/v2\/pages\/77"}],"wp:attachment":[{"href":"https:\/\/co-hop.fr\/index.php\/wp-json\/wp\/v2\/media?parent=106"}],"curies":[{"name":"wp","href":"https:\/\/api.w.org\/{rel}","templated":true}]}}