{"id":87,"date":"2024-11-22T00:23:14","date_gmt":"2024-11-21T23:23:14","guid":{"rendered":"https:\/\/co-hop.fr\/?page_id=87"},"modified":"2026-03-27T10:22:56","modified_gmt":"2026-03-27T09:22:56","slug":"qui-sommes-nous","status":"publish","type":"page","link":"https:\/\/co-hop.fr\/index.php\/qui-sommes-nous\/","title":{"rendered":"Qui sommes-nous ?"},"content":{"rendered":"<div data-colibri-id=\"87-c1\" class=\"style-711 style-local-87-c1 position-relative\">\n  <!---->\n  <div data-colibri-component=\"section\" data-colibri-id=\"87-c2\" id=\"custom-2\" class=\"h-section h-section-global-spacing d-flex align-items-lg-center align-items-md-center align-items-center style-716 style-local-87-c2 position-relative\">\n    <!---->\n    <div class=\"h-separator\" style=\"height: 70px; top: calc(0px);\">\n      <svg style=\"fill:#03a9f4;\" xmlns=\"http:\/\/www.w3.org\/2000\/svg\" viewBox=\"0 0 2600 130.1\" preserveAspectRatio=\"none\">\n        <polygon points=\"0 130.1 2600 69.1 0 69.1 0 130.1\" opacity=\"0.33\" style=\"isolation:isolate\"><\/polygon>\n        <polygon points=\"0 69.1 2600 69.1 0 0 0 69.1\" opacity=\"0.67\" style=\"isolation:isolate\"><\/polygon>\n        <polygon points=\"0 0 2600 69.1 2600 0 0 0\" style=\"isolation:isolate\"><\/polygon>\n      <\/svg>\n    <\/div>\n    <div class=\"h-separator\" style=\"height: 100px; bottom: calc(0px);\">\n      <svg style=\"fill:#03a9f4;\" xmlns=\"http:\/\/www.w3.org\/2000\/svg\" viewBox=\"0 0 1000 100\" preserveAspectRatio=\"none\">\n        <path class=\"svg-white-bg\" d=\"M737.9,94.7L0,0v100h1000V0L737.9,94.7z\"><\/path>\n      <\/svg>\n    <\/div>\n    <div class=\"h-section-grid-container h-section-boxed-container\">\n      <!---->\n      <div data-colibri-id=\"87-c3\" class=\"h-row-container gutters-row-lg-3 gutters-row-md-3 gutters-row-0 gutters-row-v-lg-3 gutters-row-v-md-3 gutters-row-v-3 style-869 style-local-87-c3 position-relative\">\n        <!---->\n        <div class=\"h-row justify-content-lg-center justify-content-md-center justify-content-center align-items-lg-stretch align-items-md-stretch align-items-stretch gutters-col-lg-3 gutters-col-md-3 gutters-col-0 gutters-col-v-lg-3 gutters-col-v-md-3 gutters-col-v-3\">\n          <!---->\n          <div class=\"h-column h-column-container d-flex h-col-lg-auto h-col-md-auto h-col-auto style-870-outer style-local-87-c4-outer\">\n            <div data-colibri-id=\"87-c4\" class=\"d-flex h-flex-basis h-column__inner h-px-lg-0 h-px-md-0 h-px-0 v-inner-lg-0 v-inner-md-0 v-inner-0 style-870 style-local-87-c4 position-relative\">\n              <!---->\n              <!---->\n              <div class=\"w-100 h-y-container h-column__content h-column__v-align flex-basis-100 align-self-lg-center align-self-md-center align-self-center\">\n                <!---->\n                <div data-colibri-id=\"87-c5\" class=\"h-text h-text-component style-864 style-local-87-c5 position-relative h-element\">\n                  <!---->\n                  <!---->\n                  <div class=\"\">\n                    <p>La cr\u00e9ation de l\u2019Entreprise \u00e0 but d\u2019Emploi Co-hop\u2019 s\u2019inscrit dans le cadre du l\u2019exp\u00e9rimentation Territoire Z\u00e9ro Ch\u00f4meur de Longue Dur\u00e9e (TZCLD). <\/p>\n                    <p>Notre objectif : cr\u00e9er des emplois suppl\u00e9mentaires en promouvant l\u2019employabilit\u00e9 pour tous.<\/p>\n                  <\/div>\n                <\/div>\n                <div data-colibri-id=\"87-c6\" class=\"h-text h-text-component style-719 style-local-87-c6 position-relative h-element\">\n                  <!---->\n                  <!---->\n                  <div class=\"\">\n                    <p>\n                      <br>\n                    <\/p>\n                    <p><em><span>La cr\u00e9ation de&nbsp;l&rsquo;Entreprise \u00e0 but d&rsquo;Emploi Co-hop\u2019&nbsp;s\u2019inscrit dans le cadre du l&rsquo;exp\u00e9rimentation Territoire Z\u00e9ro Ch\u00f4meur de Longue Dur\u00e9e (TZCLD). Notre objectif : cr\u00e9er des emplois suppl\u00e9mentaires en promouvant l\u2019employabilit\u00e9 pour tous.<\/span><\/em><\/p>\n                    <p><em><span>L\u2019exp\u00e9rimentation vise \u00e0 d\u00e9montrer que personne n\u2019est inemployable et que, si l\u2019on adapte l\u2019emploi aux personnes, on peut faire en sorte que chacun trouve sa place dans un collectif de travail.<\/span><\/em><\/p>\n                    <p><em><span><br><\/span><\/em><\/p>\n                    <p><em><span>A Tours, l&rsquo;exp\u00e9rimentation Territoire Z\u00e9ro Ch\u00f4meur est co-port\u00e9e par la Ville de Tours. Une belle aventure humaine port\u00e9s d\u00e8s le d\u00e9part par les personnes \u00e9loign\u00e9e de l&#8217;emploi jusqu&rsquo;\u00e0 l&rsquo;habilitation du territoire en avril 2024.<\/span><\/em><\/p>\n                    <p><em><span><br><\/span><\/em><\/p>\n                    <p><em>Co-hop&rsquo; inscrit ses actions au service des habitants et des entreprises du territoire. Les activit\u00e9s, imagin\u00e9es et cr\u00e9es avec les salari\u00e9s, r\u00e9pondent \u00e0 des besoins non couverts par les services existants. Nous agissons en compl\u00e9mentarit\u00e9 des autres acteurs en apportant notre contribution \u00e0 la dynamique \u00e9conomique du territoire.<\/em><\/p>\n                    <p>\n                      <br>\n                    <\/p>\n                  <\/div>\n                <\/div>\n              <\/div>\n            <\/div>\n          <\/div>\n          <div class=\"h-column h-column-container d-flex h-col-lg-auto h-col-md-auto h-col-auto style-1182-outer style-local-87-c7-outer\">\n            <div data-colibri-id=\"87-c7\" class=\"d-flex h-flex-basis h-column__inner h-px-lg-0 h-px-md-0 h-px-0 v-inner-lg-0 v-inner-md-0 v-inner-0 style-1182 style-local-87-c7 position-relative\">\n              <!---->\n              <!---->\n              <div class=\"w-100 h-y-container h-column__content h-column__v-align flex-basis-100 align-self-lg-start align-self-md-start align-self-start\">\n                <!---->\n                <div data-colibri-id=\"87-c8\" class=\"d-block style-1188 style-local-87-c8 position-relative h-element\">\n                  <!---->\n                  <div class=\"h-image__frame-container-outer\">\n                    <div class=\"h-image__frame-container\">\n                      <!---->\n                      <!---->\n                      <img alt=\"\" loading=\"lazy\" decoding=\"async\" width=\"1500\" height=\"1502\" src=\"https:\/\/co-hop.fr\/wp-content\/uploads\/2024\/12\/cropped-cropped-DSC06911-scaled-2.jpg\" class=\"wp-image-2181 style-1188-image style-local-87-c8-image\" alt=\"\" srcset=\"https:\/\/co-hop.fr\/wp-content\/uploads\/2024\/12\/cropped-cropped-DSC06911-scaled-2.jpg 1500w, https:\/\/co-hop.fr\/wp-content\/uploads\/2024\/12\/cropped-cropped-DSC06911-scaled-2-300x300.jpg 300w, https:\/\/co-hop.fr\/wp-content\/uploads\/2024\/12\/cropped-cropped-DSC06911-scaled-2-1024x1024.jpg 1024w, https:\/\/co-hop.fr\/wp-content\/uploads\/2024\/12\/cropped-cropped-DSC06911-scaled-2-150x150.jpg 150w, https:\/\/co-hop.fr\/wp-content\/uploads\/2024\/12\/cropped-cropped-DSC06911-scaled-2-768x769.jpg 768w\" sizes=\"auto, (max-width: 1500px) 100vw, 1500px\" \/>\n                      <div class=\"h-image__frame h-hide-lg h-hide-md h-hide-sm style-1188-frameImage style-local-87-c8-frameImage\"><\/div>\n                    <\/div>\n                  <\/div>\n                <\/div>\n                <div data-colibri-id=\"87-c9\" class=\"d-block style-1185 style-local-87-c9 position-relative h-element\">\n                  <!---->\n                  <div class=\"h-image__frame-container-outer\">\n                    <div class=\"h-image__frame-container\">\n                      <!---->\n                      <!---->\n                      <img alt=\"\" loading=\"lazy\" decoding=\"async\" width=\"577\" height=\"577\" src=\"https:\/\/co-hop.fr\/wp-content\/uploads\/2024\/12\/cropped-cropped-cropped-Aminata-OUATTARA-et-Antoine-KOKOLO-credit-photo-Ligaya-MORLAND.webp\" class=\"wp-image-2182 style-1185-image style-local-87-c9-image\" alt=\"\" srcset=\"https:\/\/co-hop.fr\/wp-content\/uploads\/2024\/12\/cropped-cropped-cropped-Aminata-OUATTARA-et-Antoine-KOKOLO-credit-photo-Ligaya-MORLAND.webp 577w, https:\/\/co-hop.fr\/wp-content\/uploads\/2024\/12\/cropped-cropped-cropped-Aminata-OUATTARA-et-Antoine-KOKOLO-credit-photo-Ligaya-MORLAND-300x300.webp 300w, https:\/\/co-hop.fr\/wp-content\/uploads\/2024\/12\/cropped-cropped-cropped-Aminata-OUATTARA-et-Antoine-KOKOLO-credit-photo-Ligaya-MORLAND-150x150.webp 150w\" sizes=\"auto, (max-width: 577px) 100vw, 577px\" \/>\n                      <div class=\"h-image__frame h-hide-lg h-hide-md h-hide-sm style-1185-frameImage style-local-87-c9-frameImage\"><\/div>\n                    <\/div>\n                  <\/div>\n                <\/div>\n              <\/div>\n            <\/div>\n          <\/div>\n        <\/div>\n      <\/div>\n    <\/div>\n  <\/div>\n  <div data-colibri-component=\"section\" data-colibri-id=\"87-c14\" id=\"custom-3\" class=\"h-section h-section-global-spacing d-flex align-items-lg-center align-items-md-center align-items-center style-729 style-local-87-c14 position-relative\">\n    <!---->\n    <div class=\"h-separator\" style=\"height: 100px; top: calc(0px);\">\n      <svg style=\"fill:#03a9f4;transform:rotateX(180deg);\" xmlns=\"http:\/\/www.w3.org\/2000\/svg\" viewBox=\"0 0 1000 100\" preserveAspectRatio=\"none\">\n        <path class=\"svg-white-bg\" d=\"M737.9,94.7L0,0v100h1000V0L737.9,94.7z\"><\/path>\n      <\/svg>\n    <\/div>\n    <div class=\"h-separator\" style=\"height: 100px; bottom: calc(0px);\">\n      <svg style=\"fill:#03a9f4;transform:rotateX(180deg);\" xmlns=\"http:\/\/www.w3.org\/2000\/svg\" viewBox=\"0 0 283.5 18.8\" preserveAspectRatio=\"none\">\n        <polygon points=\"0 12.6 0 18.8 141.8 4.1 283.5 18.8 283.5 12.6 141.8 4 0 12.6\" opacity=\"0.25\" style=\"isolation:isolate\"><\/polygon>\n        <polygon points=\"283.5 12.6 283.5 6.4 141.8 4 283.5 12.6\" opacity=\"0.5\" style=\"isolation:isolate\"><\/polygon>\n        <polygon points=\"0 6.4 0 12.6 141.8 4 0 6.4\" opacity=\"0.5\" style=\"isolation:isolate\"><\/polygon>\n        <polygon points=\"0 1.2 0 6.4 141.8 4 0 1.2\" opacity=\"0.75\" style=\"isolation:isolate\"><\/polygon>\n        <polygon points=\"283.5 6.4 283.5 1.2 141.8 4 283.5 6.4\" opacity=\"0.75\" style=\"isolation:isolate\"><\/polygon>\n        <polygon points=\"0 0 0 1.2 141.8 4 283.5 1.2 283.5 0 0 0\"><\/polygon>\n      <\/svg>\n    <\/div>\n    <div class=\"h-section-grid-container h-section-boxed-container\">\n      <!---->\n      <div data-colibri-id=\"87-c15\" class=\"h-row-container gutters-row-lg-1 gutters-row-md-1 gutters-row-0 gutters-row-v-lg-1 gutters-row-v-md-1 gutters-row-v-1 style-730 style-local-87-c15 position-relative\">\n        <!---->\n        <div class=\"h-row justify-content-lg-center justify-content-md-center justify-content-center align-items-lg-stretch align-items-md-stretch align-items-stretch gutters-col-lg-1 gutters-col-md-1 gutters-col-0 gutters-col-v-lg-1 gutters-col-v-md-1 gutters-col-v-1\">\n          <!---->\n          <div class=\"h-column h-column-container d-flex h-col-lg-auto h-col-md-auto h-col-auto style-731-outer style-local-87-c16-outer\">\n            <div data-colibri-id=\"87-c16\" class=\"d-flex h-flex-basis h-column__inner h-ui-empty-state-container h-px-lg-0 h-px-md-0 h-px-0 v-inner-lg-0 v-inner-md-0 v-inner-0 style-731 style-local-87-c16 position-relative\">\n              <!---->\n              <!---->\n              <div class=\"w-100 h-y-container h-column__content h-column__v-align flex-basis-100\">\n                <!---->\n              <\/div>\n            <\/div>\n          <\/div>\n          <div class=\"h-column h-column-container d-flex h-col-lg-auto h-col-md-auto h-col-auto style-742-outer style-local-87-c17-outer\">\n            <div data-colibri-id=\"87-c17\" class=\"d-flex h-flex-basis h-column__inner h-ui-empty-state-container h-px-lg-1 h-px-md-1 h-px-1 v-inner-lg-1 v-inner-md-1 v-inner-1 style-742 style-local-87-c17 position-relative\">\n              <!---->\n              <!---->\n              <div class=\"w-100 h-y-container h-column__content h-column__v-align flex-basis-100\">\n                <!---->\n              <\/div>\n            <\/div>\n          <\/div>\n        <\/div>\n      <\/div>\n      <div data-colibri-id=\"87-c18\" class=\"h-row-container gutters-row-lg-3 gutters-row-md-3 gutters-row-0 gutters-row-v-lg-3 gutters-row-v-md-3 gutters-row-v-3 style-736 style-local-87-c18 position-relative\">\n        <!---->\n        <div class=\"h-row justify-content-lg-center justify-content-md-center justify-content-center align-items-lg-stretch align-items-md-stretch align-items-stretch gutters-col-lg-3 gutters-col-md-3 gutters-col-0 gutters-col-v-lg-3 gutters-col-v-md-3 gutters-col-v-3\">\n          <!---->\n          <div class=\"h-column h-column-container d-flex h-col-lg-6 h-col-md-6 h-col-12 style-737-outer style-local-87-c19-outer\">\n            <div data-colibri-id=\"87-c19\" class=\"d-flex h-flex-basis h-column__inner h-px-lg-2 h-px-md-2 h-px-2 v-inner-lg-2 v-inner-md-2 v-inner-2 style-737 style-local-87-c19 position-relative\">\n              <!---->\n              <!---->\n              <div class=\"w-100 h-y-container h-column__content h-column__v-align flex-basis-100 align-self-lg-start align-self-md-start align-self-start\">\n                <!---->\n                <div data-colibri-id=\"87-c20\" class=\"h-lead h-text h-text-component style-732 style-local-87-c20 position-relative h-element\">\n                  <!---->\n                  <!---->\n                  <div class=\"\">\n                    <p>Mot des pr\u00e9sident.e.s<\/p>\n                  <\/div>\n                <\/div>\n                <div data-colibri-id=\"87-c21\" class=\"h-text h-text-component style-738 style-local-87-c21 position-relative h-element\">\n                  <!---->\n                  <!---->\n                  <div class=\"\">\n                    <p>Co-hop&rsquo; est bien plus qu&rsquo;une entreprise. <\/p>\n                    <p>Sa mission principale est claire : cr\u00e9er des emplois durables en embauchant des personnes durablement priv\u00e9es d\u2019emploi en CDI, \u00e0 temps choisi, et r\u00e9mun\u00e9r\u00e9es au SMIC.<\/p>\n                    <p><em>Mais ce n\u2019est pas tout<\/em><\/p>\n                    <p><em>Co-hop&rsquo;&nbsp;veut aussi \u00eatre&nbsp;<\/em><strong><em>l\u2019Entreprise de LA Solution<\/em><\/strong><em>, en r\u00e9pondant efficacement aux besoins de ses clients, qu\u2019il s\u2019agisse de collectivit\u00e9s locales, d\u2019associations, d\u2019entreprises, ou de particuliers.<\/em><\/p>\n                    <p>\n                      <br>\n                    <\/p>\n                  <\/div>\n                <\/div>\n                <div data-colibri-id=\"87-c22\" class=\"h-text h-text-component style-739 style-local-87-c22 position-relative h-element\">\n                  <!---->\n                  <!---->\n                  <div class=\"\">\n                    <p>Co-hop&rsquo; s\u2019engage \u00e9galement \u00e0 incarner des valeurs fortes :<\/p>\n                    <ul>\n                      <li><strong><em>L\u2019inclusion<\/em><\/strong><em>, pour ne laisser personne de c\u00f4t\u00e9.<\/em><\/li>\n                      <li><strong><em>La sobri\u00e9t\u00e9<\/em><\/strong><em>, pour agir de mani\u00e8re responsable et durable.<\/em><\/li>\n                      <li><strong><em>La cr\u00e9ativit\u00e9<\/em><\/strong><em>, pour imaginer des solutions innovantes.<\/em><\/li>\n                      <li><strong><em>L\u2019accompagnement des transitions<\/em><\/strong><em>, pour pr\u00e9parer un avenir harmonieux avec son territoire.<\/em><\/li>\n                    <\/ul>\n                    <p>\n                      <br>\n                    <\/p>\n                  <\/div>\n                <\/div>\n                <div data-colibri-id=\"87-c23\" class=\"h-text h-text-component style-860 style-local-87-c23 position-relative h-element\">\n                  <!---->\n                  <!---->\n                  <div class=\"\">\n                    <p>Pour faire vivre cette ambition, Co-hop\u2019 a fait un choix audacieux :<\/p>\n                    <p>confier la responsabilit\u00e9 de sa co-pr\u00e9sidence \u00e0 trois citoyens b\u00e9n\u00e9voles. Cette direction collective est soutenue par une gouvernance motiv\u00e9e, plurielle et exp\u00e9riment\u00e9e, r\u00e9unissant des comp\u00e9tences vari\u00e9es et compl\u00e9mentaires.<\/p>\n                  <\/div>\n                <\/div>\n                <div data-colibri-id=\"87-c24\" class=\"h-text h-text-component style-861 style-local-87-c24 position-relative h-element\">\n                  <!---->\n                  <!---->\n                  <div class=\"\">\n                    <p><span style=\"font-weight: 400; font-size: 16px; font-family: Montserrat; color: rgb(70, 112, 127);\">Alors, GO Co-Hop ! Rejoignez-nous dans cette aventure humaine et ambitieuse pour b\u00e2tir un futur plus inclusif, durable et collaboratif.<\/span><\/p>\n                  <\/div>\n                <\/div>\n              <\/div>\n            <\/div>\n          <\/div>\n          <div class=\"h-column h-column-container d-flex h-col-lg-6 h-col-md-6 h-col-12 style-743-outer style-local-87-c25-outer\">\n            <div data-colibri-id=\"87-c25\" class=\"d-flex h-flex-basis h-column__inner h-px-lg-2 h-px-md-2 h-px-2 v-inner-lg-2 v-inner-md-2 v-inner-2 style-743 style-local-87-c25 position-relative\">\n              <!---->\n              <!---->\n              <div class=\"w-100 h-y-container h-column__content h-column__v-align flex-basis-100 align-self-lg-center align-self-md-center align-self-center\">\n                <!---->\n                <div data-colibri-id=\"87-c26\" class=\"d-block style-872 style-local-87-c26 position-relative h-element\">\n                  <!---->\n                  <div class=\"h-image__frame-container-outer\">\n                    <div class=\"h-image__frame-container\">\n                      <!---->\n                      <!---->\n                      <img alt=\"\" loading=\"lazy\" decoding=\"async\" width=\"830\" height=\"831\" src=\"https:\/\/co-hop.fr\/wp-content\/uploads\/2024\/12\/cropped-470603331_10233772214742830_6703238635791500145_n.jpg\" class=\"wp-image-1631 style-872-image style-local-87-c26-image\" alt=\"\" srcset=\"https:\/\/co-hop.fr\/wp-content\/uploads\/2024\/12\/cropped-470603331_10233772214742830_6703238635791500145_n.jpg 830w, https:\/\/co-hop.fr\/wp-content\/uploads\/2024\/12\/cropped-470603331_10233772214742830_6703238635791500145_n-300x300.jpg 300w, https:\/\/co-hop.fr\/wp-content\/uploads\/2024\/12\/cropped-470603331_10233772214742830_6703238635791500145_n-150x150.jpg 150w, https:\/\/co-hop.fr\/wp-content\/uploads\/2024\/12\/cropped-470603331_10233772214742830_6703238635791500145_n-768x769.jpg 768w\" sizes=\"auto, (max-width: 830px) 100vw, 830px\" \/>\n                      <div class=\"h-image__frame h-hide-lg h-hide-md h-hide-sm style-872-frameImage style-local-87-c26-frameImage\"><\/div>\n                    <\/div>\n                  <\/div>\n                <\/div>\n                <div data-colibri-id=\"87-c27\" class=\"d-block style-871 style-local-87-c27 position-relative h-element\">\n                  <!---->\n                  <div class=\"h-image__frame-container-outer\">\n                    <div class=\"h-image__frame-container\">\n                      <!---->\n                      <!---->\n                      <img alt=\"\" loading=\"lazy\" decoding=\"async\" width=\"1534\" height=\"1533\" src=\"https:\/\/co-hop.fr\/wp-content\/uploads\/2024\/12\/cropped-466677424_10233088710175643_2692790294134619398_n.jpg\" class=\"wp-image-1703 style-871-image style-local-87-c27-image\" alt=\"\" srcset=\"https:\/\/co-hop.fr\/wp-content\/uploads\/2024\/12\/cropped-466677424_10233088710175643_2692790294134619398_n.jpg 1534w, https:\/\/co-hop.fr\/wp-content\/uploads\/2024\/12\/cropped-466677424_10233088710175643_2692790294134619398_n-300x300.jpg 300w, https:\/\/co-hop.fr\/wp-content\/uploads\/2024\/12\/cropped-466677424_10233088710175643_2692790294134619398_n-1024x1024.jpg 1024w, https:\/\/co-hop.fr\/wp-content\/uploads\/2024\/12\/cropped-466677424_10233088710175643_2692790294134619398_n-150x150.jpg 150w, https:\/\/co-hop.fr\/wp-content\/uploads\/2024\/12\/cropped-466677424_10233088710175643_2692790294134619398_n-768x767.jpg 768w\" sizes=\"auto, (max-width: 1534px) 100vw, 1534px\" \/>\n                      <div class=\"h-image__frame h-hide-lg h-hide-md h-hide-sm style-871-frameImage style-local-87-c27-frameImage\"><\/div>\n                    <\/div>\n                  <\/div>\n                <\/div>\n                <div data-colibri-id=\"87-c28\" class=\"d-block style-744 style-local-87-c28 position-relative h-element\">\n                  <!---->\n                  <div class=\"h-image__frame-container-outer\">\n                    <div class=\"h-image__frame-container\">\n                      <!---->\n                      <!---->\n                      <img alt=\"\" loading=\"lazy\" decoding=\"async\" width=\"831\" height=\"830\" src=\"https:\/\/co-hop.fr\/wp-content\/uploads\/2024\/12\/cropped-471146748_10233772217022887_1594673809336892696_n.jpg\" class=\"wp-image-1634 style-744-image style-local-87-c28-image\" alt=\"\" srcset=\"https:\/\/co-hop.fr\/wp-content\/uploads\/2024\/12\/cropped-471146748_10233772217022887_1594673809336892696_n.jpg 831w, https:\/\/co-hop.fr\/wp-content\/uploads\/2024\/12\/cropped-471146748_10233772217022887_1594673809336892696_n-300x300.jpg 300w, https:\/\/co-hop.fr\/wp-content\/uploads\/2024\/12\/cropped-471146748_10233772217022887_1594673809336892696_n-150x150.jpg 150w, https:\/\/co-hop.fr\/wp-content\/uploads\/2024\/12\/cropped-471146748_10233772217022887_1594673809336892696_n-768x767.jpg 768w\" sizes=\"auto, (max-width: 831px) 100vw, 831px\" \/>\n                      <div class=\"h-image__frame h-hide-lg h-hide-md h-hide-sm style-744-frameImage style-local-87-c28-frameImage\"><\/div>\n                    <\/div>\n                  <\/div>\n                <\/div>\n              <\/div>\n            <\/div>\n          <\/div>\n        <\/div>\n      <\/div>\n      <div data-colibri-id=\"87-c29\" class=\"h-row-container gutters-row-lg-2 gutters-row-md-2 gutters-row-0 gutters-row-v-lg-2 gutters-row-v-md-2 gutters-row-v-2 style-733 style-local-87-c29 position-relative\">\n        <!---->\n        <div class=\"h-row justify-content-lg-center justify-content-md-center justify-content-center align-items-lg-stretch align-items-md-stretch align-items-stretch gutters-col-lg-2 gutters-col-md-2 gutters-col-0 gutters-col-v-lg-2 gutters-col-v-md-2 gutters-col-v-2\">\n          <!---->\n          <div class=\"h-column h-column-container d-flex h-col-lg-auto h-col-md-auto h-col-auto style-734-outer style-local-87-c30-outer\">\n            <div data-colibri-id=\"87-c30\" class=\"d-flex h-flex-basis h-column__inner h-px-lg-2 h-px-md-2 h-px-2 v-inner-lg-2 v-inner-md-2 v-inner-2 style-734 style-local-87-c30 position-relative\">\n              <!---->\n              <!---->\n              <div class=\"w-100 h-y-container h-column__content h-column__v-align flex-basis-100 align-self-lg-start align-self-md-start align-self-start\">\n                <!---->\n                <div data-colibri-id=\"87-c31\" class=\"h-text h-text-component style-741 style-local-87-c31 position-relative h-element\">\n                  <!---->\n                  <!---->\n                  <div class=\"\">\n                    <p><em>Co-pr\u00e9sidents<\/em><\/p>\n                    <p><em>Aminatta Ouattara<\/em><\/p>\n                    <p><em>Antoine Kokolo<\/em><\/p>\n                    <p><em>Claude Harout<\/em><\/p>\n                    <p>\n                      <br>\n                    <\/p>\n                  <\/div>\n                <\/div>\n              <\/div>\n            <\/div>\n          <\/div>\n        <\/div>\n      <\/div>\n    <\/div>\n  <\/div>\n<\/div>","protected":false},"excerpt":{"rendered":"<p>La cr\u00e9ation de l\u2019Entreprise \u00e0 but d\u2019Emploi Co-hop\u2019 s\u2019inscrit dans le cadre du l\u2019exp\u00e9rimentation Territoire Z\u00e9ro Ch\u00f4meur de Longue Dur\u00e9e (TZCLD). Notre objectif : cr\u00e9er des emplois suppl\u00e9mentaires en promouvant l\u2019employabilit\u00e9 pour tous. La cr\u00e9ation de&nbsp;l&rsquo;Entreprise \u00e0 but d&rsquo;Emploi Co-hop\u2019&nbsp;s\u2019inscrit dans le cadre du l&rsquo;exp\u00e9rimentation Territoire Z\u00e9ro Ch\u00f4meur de Longue Dur\u00e9e (TZCLD). Notre objectif : [&hellip;]<\/p>\n","protected":false},"author":1,"featured_media":0,"parent":0,"menu_order":0,"comment_status":"closed","ping_status":"closed","template":"page-templates\/full-width-page.php","meta":{"_seopress_robots_primary_cat":"","_seopress_titles_title":"","_seopress_titles_desc":"","_seopress_robots_index":"","footnotes":""},"class_list":["post-87","page","type-page","status-publish","hentry"],"_links":{"self":[{"href":"https:\/\/co-hop.fr\/index.php\/wp-json\/wp\/v2\/pages\/87","targetHints":{"allow":["GET"]}}],"collection":[{"href":"https:\/\/co-hop.fr\/index.php\/wp-json\/wp\/v2\/pages"}],"about":[{"href":"https:\/\/co-hop.fr\/index.php\/wp-json\/wp\/v2\/types\/page"}],"author":[{"embeddable":true,"href":"https:\/\/co-hop.fr\/index.php\/wp-json\/wp\/v2\/users\/1"}],"replies":[{"embeddable":true,"href":"https:\/\/co-hop.fr\/index.php\/wp-json\/wp\/v2\/comments?post=87"}],"version-history":[{"count":20,"href":"https:\/\/co-hop.fr\/index.php\/wp-json\/wp\/v2\/pages\/87\/revisions"}],"predecessor-version":[{"id":2261,"href":"https:\/\/co-hop.fr\/index.php\/wp-json\/wp\/v2\/pages\/87\/revisions\/2261"}],"wp:attachment":[{"href":"https:\/\/co-hop.fr\/index.php\/wp-json\/wp\/v2\/media?parent=87"}],"curies":[{"name":"wp","href":"https:\/\/api.w.org\/{rel}","templated":true}]}}